{"id":1332,"date":"2025-02-19T17:04:10","date_gmt":"2025-02-19T17:04:10","guid":{"rendered":"https:\/\/www.fanesfiction.com\/il-film-e-la-leggenda"},"modified":"2025-05-20T13:21:11","modified_gmt":"2025-05-20T13:21:11","slug":"il-film-e-la-leggenda","status":"publish","type":"page","link":"https:\/\/www.fanesfiction.com\/de\/il-film-e-la-leggenda","title":{"rendered":"Der Film und die Sage"},"content":{"rendered":"<div class=\"fusion-fullwidth fullwidth-box fusion-builder-row-1 fusion-flex-container has-pattern-background has-mask-background nonhundred-percent-fullwidth non-hundred-percent-height-scrolling\" style=\"--awb-border-radius-top-left:0px;--awb-border-radius-top-right:0px;--awb-border-radius-bottom-right:0px;--awb-border-radius-bottom-left:0px;--awb-flex-wrap:wrap;\" ><div class=\"fusion-builder-row fusion-row fusion-flex-align-items-flex-start fusion-flex-content-wrap\" style=\"max-width:1352px;margin-left: calc(-4% \/ 2 );margin-right: calc(-4% \/ 2 );\"><div class=\"fusion-layout-column fusion_builder_column fusion-builder-column-0 fusion_builder_column_1_1 1_1 fusion-flex-column\" style=\"--awb-bg-size:cover;--awb-width-large:100%;--awb-margin-top-large:0px;--awb-spacing-right-large:1.92%;--awb-margin-bottom-large:20px;--awb-spacing-left-large:1.92%;--awb-width-medium:100%;--awb-order-medium:0;--awb-spacing-right-medium:1.92%;--awb-spacing-left-medium:1.92%;--awb-width-small:100%;--awb-order-small:0;--awb-spacing-right-small:1.92%;--awb-spacing-left-small:1.92%;\"><div class=\"fusion-column-wrapper fusion-column-has-shadow fusion-flex-justify-content-flex-start fusion-content-layout-column\"><div class=\"fusion-video fusion-youtube\" style=\"--awb-max-width:600px;--awb-max-height:360px;--awb-align-self:center;--awb-width:100%;\"><div class=\"video-shortcode\"><div class=\"fluid-width-video-wrapper\" style=\"padding-top:60%;\" ><iframe title=\"YouTube video player 1\" src=\"https:\/\/www.youtube.com\/embed\/_oEiTuWii6w?wmode=transparent&autoplay=0&oida=1\" width=\"600\" height=\"360\" allowfullscreen allow=\"autoplay; clipboard-write; encrypted-media; gyroscope; picture-in-picture;\"><\/iframe><\/div><\/div><\/div><div class=\"fusion-text fusion-text-1\" style=\"--awb-content-alignment:justify;\"><h3 style=\"text-align: center;\">EIN MARKSTEIN GELEBTER LADINISCHER KULTUR<\/h3>\n<h4>Dieser original ladinische Film ist das Ergebnis der Mitarbeit zwischen Susy Rottonara (aus Stern in Abtei), Roland Verra (aus S.Ulrich in Gr\u00f6den) &#8211; und Hans Peter Karbon (aus S.Christina in Gr\u00f6den) und entspringt einer gro\u00dfen Liebe f\u00fcr die Berge und einem eifrigen Interesse f\u00fcr die ladinischen Sagen.<\/h4>\n<h4>Der Film st\u00fctzt sich auf einen der reichsten und verwickeltesten Sagenstoffe aus der dolomiten-ladinischen Tradition, auf das mythische Reich der Fanes.<\/h4>\n<h4>Heutzutage bezieht sich der Name\u00a0<em>Fanes\u00a0<\/em>auf eine wundersch\u00f6ne, von eindrucksvollen Gipfeln umrahmte Hochebene zwischen Abtei und Ampezzo, die bei Bergwanderern ein bevorzugtes Ziel darstellt.<\/h4>\n<h4>Im Sagenstoff beschr\u00e4nkt sich\u00a0<em>Fanes\u00a0<\/em>nicht auf dieses, sondern bezieht sich auf ein breiteres Gebiet, dessen Grenzen nicht leicht zu bestimmen sind, aufgrund der Eroberungen durch seine Bev\u00f6lkerung, die ebenfalls\u00a0<em>Fanes\u00a0<\/em>genannt wird.<\/h4>\n<h4>Der Film ist auf eine Bearbeitung des Sagenstoffs aus der abteitalerisch-ampezzanischen Traditionslinie gest\u00fctzt, die sich auch aus einem geographischen Gesichtspunkt direkt auf das Fanesreich bezieht.<\/h4>\n<h4>Der Film ist auf der klassischen Form der Fanessage gegr\u00fcndet, wie sie in der urspr\u00fcnglichen ladinischen Volkssage vorkommt, in einer eher symbolisch-mystischen Bearbeitung. Bei mehreren Figuren wurde besonders die Theatralik betont.<\/h4>\n<h4>Die Fanessage ist durch den Mangel an prim\u00e4ren schriftlichen Quellen gekennzeichnet: tats\u00e4chlich wurde sie Jahrhunderte lang m\u00fcndlich \u00fcberliefert und somit unterschiedlichen kulturellen Einfl\u00fcssen ausgesetzt. Infolgedessen erscheinen die Untersuchungen dar\u00fcber besonders schwierig und erm\u00f6glichen keine direkte philologische Nachforschung.<\/h4>\n<h4>Die Texte Wolffs sind auf einer Sammlung m\u00fcndlicher \u00dcberlieferungen aus den dolomiten-ladinischen T\u00e4lern gegr\u00fcndet. Wolff hat den Sagenstoff bearbeitet und mit kulturellen Elementen aus anderen Traditionen -vor allem aus dem Minnesang- vermischt. Infolgedessen sollten beim Umgang mit dieser Sage s\u00e4mtliche dar\u00fcber durchgef\u00fchrten Studien in Betracht gezogen werden, im Bewusstsein einen Sagenstoff und nicht einen historischen Stoff zu behandeln.<\/h4>\n<h4>In der filmischen Darstellung st\u00fctzt sich der Sagenkern auf die m\u00f6glichst originale ladinische Tradition der Sage und auf das Motiv der Machtgier des Fanesk\u00f6nigs, die den Tod von dessen Tochter, der kriegerischen Prinzessin Dolasila, verursacht und schlie\u00dflich zum Untergang seines Reiches f\u00fchrt.<\/h4>\n<h4>Die Figuren sind zum Teil realistisch -Fanesk\u00f6nig und -k\u00f6nigin, Dolasila und Lujanta, Ey de Net, der Prinz der Cajutes &#8211; und zum Teil \u00fcbernat\u00fcrlich -der Zauberer Spina de Mul, die Hexe Tsicuta, die Mjanines (eine Art Wasserfrauen), die Salvans (die &#8222;wilden Leute&#8220;), die Zwerge und der Flammenadler.<\/h4>\n<h4><\/h4>\n<\/div><div class=\"fusion-text fusion-text-2\" style=\"--awb-content-alignment:justify;\"><h2 style=\"text-align: center;\">DIE HANDLUNG<\/h2>\n<h4><img decoding=\"async\" class=\"wp-image-38 size-fusion-400 alignleft\" style=\"font-size: 16px;\" src=\"https:\/\/www.fanesfiction.com\/wp-content\/uploads\/fanes-fiction-susy-rottonara-slide-home-1-400x208.jpg\" alt=\"\" width=\"400\" height=\"208\" srcset=\"https:\/\/www.fanesfiction.com\/wp-content\/uploads\/fanes-fiction-susy-rottonara-slide-home-1-200x104.jpg 200w, https:\/\/www.fanesfiction.com\/wp-content\/uploads\/fanes-fiction-susy-rottonara-slide-home-1-300x156.jpg 300w, https:\/\/www.fanesfiction.com\/wp-content\/uploads\/fanes-fiction-susy-rottonara-slide-home-1-400x208.jpg 400w, https:\/\/www.fanesfiction.com\/wp-content\/uploads\/fanes-fiction-susy-rottonara-slide-home-1-600x313.jpg 600w, https:\/\/www.fanesfiction.com\/wp-content\/uploads\/fanes-fiction-susy-rottonara-slide-home-1-768x400.jpg 768w, https:\/\/www.fanesfiction.com\/wp-content\/uploads\/fanes-fiction-susy-rottonara-slide-home-1-800x417.jpg 800w, https:\/\/www.fanesfiction.com\/wp-content\/uploads\/fanes-fiction-susy-rottonara-slide-home-1-1024x533.jpg 1024w, https:\/\/www.fanesfiction.com\/wp-content\/uploads\/fanes-fiction-susy-rottonara-slide-home-1-1200x625.jpg 1200w, https:\/\/www.fanesfiction.com\/wp-content\/uploads\/fanes-fiction-susy-rottonara-slide-home-1-1536x800.jpg 1536w, https:\/\/www.fanesfiction.com\/wp-content\/uploads\/fanes-fiction-susy-rottonara-slide-home-1.jpg 1920w\" sizes=\"(max-width: 400px) 100vw, 400px\" \/> Das Fanesreich ist auf einem B\u00fcndnis mit den Murmeltieren gegr\u00fcndet, das von einer Fanesk\u00f6nigin ihrem fremden Ehemann, der seinerseits ein B\u00fcndnis mit dem Flammenadler schlie\u00dft, verschwiegen wird. Die Fanesk\u00f6nigin gebiert zwei Zwillinge, Dolasila und Lujanta, von denen Lujanta den Murmeltieren als Pfand des B\u00fcndnisses \u00fcbergeben wird. Die K\u00f6nigin bekommt in Gegenzug ein kleines Murmeltier von ihren Verb\u00fcndeten. Auch der Fanesk\u00f6nig soll dem Flammenadler eines seiner Erben \u00fcbergeben, und der Adler nimmt das kleine Murmeltier, das die Fanesk\u00f6nigin heimlich an die Stelle von Lujanta gesetzt hatte.<\/h4>\n<h4>Auf dem Weg vom Nuvolau zur\u00fcck zum Fanesschloss begegnet der vom Fanesk\u00f6nig zum Flammenadler geschickte Knecht dem Zauberer Spina de Mul, der die Gestalt eines halbverwesenen Maulesels annimmt. Es erscheint der junge Prinz der Durannen Ey de Net, der Spina de Mul mit einem Stein verletzt und die vom Zauberer im Kampf verlorene wertvolle Raj\u00ebta der kleinen Dolasila schenkt.<\/h4>\n<h4><img decoding=\"async\" class=\"size-medium wp-image-52 alignleft\" src=\"https:\/\/www.fanesfiction.com\/wp-content\/uploads\/DSC00642-300x225.jpg\" alt=\"\" width=\"300\" height=\"225\" srcset=\"https:\/\/www.fanesfiction.com\/wp-content\/uploads\/DSC00642-200x150.jpg 200w, https:\/\/www.fanesfiction.com\/wp-content\/uploads\/DSC00642-300x225.jpg 300w, https:\/\/www.fanesfiction.com\/wp-content\/uploads\/DSC00642-400x300.jpg 400w, https:\/\/www.fanesfiction.com\/wp-content\/uploads\/DSC00642-600x450.jpg 600w, https:\/\/www.fanesfiction.com\/wp-content\/uploads\/DSC00642-768x576.jpg 768w, https:\/\/www.fanesfiction.com\/wp-content\/uploads\/DSC00642-800x600.jpg 800w, https:\/\/www.fanesfiction.com\/wp-content\/uploads\/DSC00642-1024x768.jpg 1024w, https:\/\/www.fanesfiction.com\/wp-content\/uploads\/DSC00642-1200x900.jpg 1200w, https:\/\/www.fanesfiction.com\/wp-content\/uploads\/DSC00642-1536x1152.jpg 1536w\" sizes=\"(max-width: 300px) 100vw, 300px\" \/><\/h4>\n<h4>\u00a0Es vergehen mehrere Jahre und der Fanesk\u00f6nig beschlie\u00dft, mit Dolasila und einer Gruppe Soldaten auf die Suche des Schatzes des Silbersees zu gehen. Die Soldaten finden ein St\u00fcck Hermelinsfell und graues Pulver in einer kleinen Schachtel und sogleich erscheinen drei Zwerge, die sie um die R\u00fcckgabe der Schachtel bitten. Dolasila erbarmt sich der Zwerge und erf\u00fcllt deren Bitte, sodass sie ihr das Geheimnis der &#8222;Bl\u00fcte des Schatzes&#8220; offenbaren. Dolasila soll das graue Pulver ins Wasser werfen und au\u00dferdem aus dem Hermelinspelz einen Panzer verferti gen lassen, da sie eine gro\u00dfe K\u00e4mpferin werden wird. Bei einer Farbver\u00e4nderung des Hermelinfells soll sie aber nie k\u00e4mpfen, da ihr dann ein gro\u00dfes Ungl\u00fcck bevorstehe.<\/h4>\n<h4>Dolasila wird zum Kampf erzogen und erh\u00e4lt aus dem Schatz des Silbersees unfehlbare silberne Pfeile, durch die sie ihrem Volk bei vielen Schlachten den Sieg verschafft, sodass sie als &#8222;Stern&#8220; der Fanes gekr\u00f6nt wird. Dolasila tr\u00e4umt von einem von ihr get\u00f6teten Soldaten, dem Prinz der Cajutes, der in einer Schlacht ihre Aufmerksamkeit durch einen Mohnblumenstrau\u00df auf dem Helm auf sich gelenkt hatte, der sie mahnt, den Kampf mit verzauberten Waffen aufzugeben.Jedoch l\u00e4sst sich der Fanesk\u00f6nig von seiner Eroberungsgier nicht abbringen und zwingt Dolasila, weiter zu k\u00e4mpfen. Inzwischen hetzt Spina de Mul mehrere V\u00f6lker zum Kampf gegen die Fanes auf und sucht Ey de Net auf, dem er vorschl\u00e4gt, sich Dolasila waffenlos anzun\u00e4hern und sie aus dem Kampf zu f\u00fchren, damit sie ihre unfehlbaren Pfeile nicht abschie\u00dfen k\u00f6nne. Jedoch betr\u00fcgt der b\u00f6se Zauberer Ey de Net. Dieser begibt sich auf die Suche der m\u00e4chtigen Hexe Tsicuta, die ihm empfiehlt, sich von den Latemar-Zwergen einen Schild zum Schutz Dolasilas verfertigen zu lassen, der so schwer sein soll, dass niemand au\u00dfer ihm es tragen kann.<\/h4>\n<h4>Dolasilas Verletzung wird bald geheilt und der Fanesk\u00f6nig beauftragt die Latemar-Zwerge, einen Schild zu verfertigen, der seine Tochter auch vor verzauberten<\/h4>\n<h4><img decoding=\"async\" class=\"size-medium wp-image-47 alignright\" src=\"https:\/\/www.fanesfiction.com\/wp-content\/uploads\/FANES-037-225x300.jpg\" alt=\"\" width=\"225\" height=\"300\" srcset=\"https:\/\/www.fanesfiction.com\/wp-content\/uploads\/FANES-037-200x267.jpg 200w, https:\/\/www.fanesfiction.com\/wp-content\/uploads\/FANES-037-225x300.jpg 225w, https:\/\/www.fanesfiction.com\/wp-content\/uploads\/FANES-037-400x533.jpg 400w, https:\/\/www.fanesfiction.com\/wp-content\/uploads\/FANES-037-600x800.jpg 600w, https:\/\/www.fanesfiction.com\/wp-content\/uploads\/FANES-037-768x1024.jpg 768w, https:\/\/www.fanesfiction.com\/wp-content\/uploads\/FANES-037-800x1067.jpg 800w, https:\/\/www.fanesfiction.com\/wp-content\/uploads\/FANES-037-1152x1536.jpg 1152w, https:\/\/www.fanesfiction.com\/wp-content\/uploads\/FANES-037-1200x1600.jpg 1200w, https:\/\/www.fanesfiction.com\/wp-content\/uploads\/FANES-037-1536x2048.jpg 1536w, https:\/\/www.fanesfiction.com\/wp-content\/uploads\/FANES-037-scaled.jpg 1920w\" sizes=\"(max-width: 225px) 100vw, 225px\" \/><\/h4>\n<h4>Waffen sch\u00fctzen soll, und die Zwerge glauben, dass es sich um denselben Schild Ey de Nets handle. Als der Schild ins Fanesschloss gebracht wird, ist niemand imstande ihn zu tragen, und als es Ey de Net , der sich als einfacher Soldat vorgestellt hatte, es schafft, wird er sofort in das Gefolge Dolasilas aufgenommen. Nach mehreren gemeinsam gek\u00e4mpften Schlachten bittet Ey de Net den Fanesk\u00f6nig um Dolasilas Hand, sodass der Fanesk\u00f6nig, ausser sich vor Zorn, Ey de Net des Landes verweist. Dolasila weigert sich, ohne ihren Geliebten an neuen K\u00e4mpfen teilzunehmen. Der Fanesk\u00f6nig betr\u00fcgt dann sein eigenes Volk indem er ein B\u00fcndnis mit den feindlichen Cajutes eingeht und \u00fcberzeugt sie, samt deren Verb\u00fcndeten den Fanes Krieg zu erkl\u00e4ren, indem er ihnen verspricht, dass Dolasila an der Schlacht nicht teilnehmen wird, aufgrund ihres Versprechens an Ey de Net. Trotzdem kommt Dolasila ihrem Volk zu Hilfe um es vor der Niederlage zu retten und bricht somit ihr Versprechen an ihren Geliebten. Ey de Net geht zum Lech de Lunedes und befragt die Mjanines, die ihm den Tod Dolasilas weissagen. Am Abend vor der Schlacht reitet Dolasila trostlos auf den Armentara-Wiesen und begegnet dreizehn seltsamen Kindern, die sie um dreizehn ihrer Pfeile so beharrlich bitten, dass die Prinzessin ihren Wunsch erf\u00fcllt. Eigentlich handelt es sich um einen Plan Spina de Muls, der den Feinden der Fanes den Sieg versichern will. Am Tag darauf bemerkt Dolasila eine Farbver\u00e4nderung an ihrem Panzer und ahnt die gro\u00dfe Gefahr die ihr bevorsteht.<\/h4>\n<h4><img decoding=\"async\" class=\"size-medium wp-image-48 alignleft\" src=\"https:\/\/www.fanesfiction.com\/wp-content\/uploads\/dolasilla-acavallo-300x276.jpg\" alt=\"\" width=\"300\" height=\"276\" srcset=\"https:\/\/www.fanesfiction.com\/wp-content\/uploads\/dolasilla-acavallo-200x184.jpg 200w, https:\/\/www.fanesfiction.com\/wp-content\/uploads\/dolasilla-acavallo-300x276.jpg 300w, https:\/\/www.fanesfiction.com\/wp-content\/uploads\/dolasilla-acavallo-400x367.jpg 400w, https:\/\/www.fanesfiction.com\/wp-content\/uploads\/dolasilla-acavallo-600x551.jpg 600w, https:\/\/www.fanesfiction.com\/wp-content\/uploads\/dolasilla-acavallo-768x706.jpg 768w, https:\/\/www.fanesfiction.com\/wp-content\/uploads\/dolasilla-acavallo-800x735.jpg 800w, https:\/\/www.fanesfiction.com\/wp-content\/uploads\/dolasilla-acavallo-1024x941.jpg 1024w, https:\/\/www.fanesfiction.com\/wp-content\/uploads\/dolasilla-acavallo-1200x1102.jpg 1200w, https:\/\/www.fanesfiction.com\/wp-content\/uploads\/dolasilla-acavallo-1536x1411.jpg 1536w\" sizes=\"(max-width: 300px) 100vw, 300px\" \/><\/h4>\n<h4>\u00a0Trotzdem zieht sie in die Schlacht und wird von ihren verzauberten Pfeilen, die sich die Feinde zugeeignet hatten, getroffen und stirbt. Inzwischen hat sich der Fanesk\u00f6nig auf die Lagazuoi-Berge begeben und wartet auf seine Verb\u00fcndeten, von denen er reiche Sch\u00e4tze als Preis f\u00fcr seinen Verrat erwartet und die ihm bei der Eroberung des Aurona-Reiches helfen sollten. Jedoch wird er des Verrates angeklagt und wird zu Stein infolge einer Zauberei von Spina de Mul. Die Fanesheere ziehen sich zur\u00fcck und die \u00fcber den Tod Dolasilas verzweifelte Fanesk\u00f6nigin bittet die verb\u00fcndeten Murmeltiere um Hilfe, sodass Lujanta, die Zwillings schwester Dolasilas, erscheint.<\/h4>\n<h4>Die Soldaten glauben, dass sie Dolasila sei, aber die Fanesk\u00f6nigin erkl\u00e4rt ihnen, dass Lujanta die Fanes in Sicherheit in das unterirdische Reich der Murmeltiere<\/h4>\n<h4><img decoding=\"async\" class=\"size-medium wp-image-50 alignright\" src=\"https:\/\/www.fanesfiction.com\/wp-content\/uploads\/FANES3-300x225.jpg\" alt=\"\" width=\"300\" height=\"225\" srcset=\"https:\/\/www.fanesfiction.com\/wp-content\/uploads\/FANES3-200x150.jpg 200w, https:\/\/www.fanesfiction.com\/wp-content\/uploads\/FANES3-300x225.jpg 300w, https:\/\/www.fanesfiction.com\/wp-content\/uploads\/FANES3-400x300.jpg 400w, https:\/\/www.fanesfiction.com\/wp-content\/uploads\/FANES3-600x450.jpg 600w, https:\/\/www.fanesfiction.com\/wp-content\/uploads\/FANES3-768x576.jpg 768w, https:\/\/www.fanesfiction.com\/wp-content\/uploads\/FANES3-800x600.jpg 800w, https:\/\/www.fanesfiction.com\/wp-content\/uploads\/FANES3-1024x768.jpg 1024w, https:\/\/www.fanesfiction.com\/wp-content\/uploads\/FANES3-1200x900.jpg 1200w, https:\/\/www.fanesfiction.com\/wp-content\/uploads\/FANES3-1536x1152.jpg 1536w\" sizes=\"(max-width: 300px) 100vw, 300px\" \/><\/h4>\n<h4>zum Morin di Salvans f\u00fchren wird. Jeder Versuch der Fanes, ihr Reich zur\u00fcck zu erobern scheitert, und sie werden bei der Schlacht auf der Furcia dai Fers endg\u00fcltig geschlagen. Einmal im Jahr erscheinen Lujanta und die Fanesk\u00f6nigin in einem Boot auf dem Pragser Wildsee &#8211; unter dem sich eine T\u00fcr, die zum letzten Aufenthalt der Fanes f\u00fchrt, befinden soll &#8211; und warten auf den Klang der silbernen Trompeten, welche die verhei\u00dfene Zeit verk\u00fcnden sollen, in der die Fanes wieder in Frieden leben werden.<\/h4>\n<h4>Historische Elemente der Sage k\u00f6nnen in Bezug auf einige bedeutende Hinweise vermutet werden. Mehrere Forscher glauben, dass die Fanes einer r\u00e4thischen Bev\u00f6lkerung im vorklassischen Zeitalter entsprechen, aufgrund mehrerer vorchristlicher Br\u00e4uche in der Sage und Schamanenfiguren wie Spina de Mul. Im Laufe der Jahrhunderte, vor allem im Zeitalter der V\u00f6lkerwanderungen (IV.\/V. Jahrhundert) wurde der Sagenstoff sicherlich \u00e4u\u00dferen kulturellen Einfl\u00fcssen -haupts\u00e4chlich aus der germanischen und der griechisch-romanischen Mythologie- ausgeliefert, und h\u00f6chstwahrscheinlich sind Elemente aus geographisch weit entfernten Traditionen in die Sage eingeflossen.<\/h4>\n<h4>Der Sagenstoff kann keiner geschichtlichen Epoche zugeordnet werden. Jedenfalls ist das Motiv der Tierabstammung eines Volkes &#8211; das hei\u00dft der Fanes von den Murmeltieren- hervor, in Europa sehr selten und kommt in den phantastischen mittelalterlichen Genealogien vor. Im Herzen Europas w\u00e4re ein Motiv erhalten geblieben, das zum Vorstellungshorizont vorgeschichtlicher J\u00e4gerv\u00f6lker geh\u00f6rt.<\/h4>\n<h4><\/h4>\n<\/div><\/div><\/div><\/div><\/div>\n","protected":false},"excerpt":{"rendered":"","protected":false},"author":1,"featured_media":0,"parent":0,"menu_order":0,"comment_status":"closed","ping_status":"closed","template":"100-width.php","meta":{"footnotes":""},"class_list":["post-1332","page","type-page","status-publish","hentry"],"_links":{"self":[{"href":"https:\/\/www.fanesfiction.com\/de\/wp-json\/wp\/v2\/pages\/1332","targetHints":{"allow":["GET"]}}],"collection":[{"href":"https:\/\/www.fanesfiction.com\/de\/wp-json\/wp\/v2\/pages"}],"about":[{"href":"https:\/\/www.fanesfiction.com\/de\/wp-json\/wp\/v2\/types\/page"}],"author":[{"embeddable":true,"href":"https:\/\/www.fanesfiction.com\/de\/wp-json\/wp\/v2\/users\/1"}],"replies":[{"embeddable":true,"href":"https:\/\/www.fanesfiction.com\/de\/wp-json\/wp\/v2\/comments?post=1332"}],"version-history":[{"count":2,"href":"https:\/\/www.fanesfiction.com\/de\/wp-json\/wp\/v2\/pages\/1332\/revisions"}],"predecessor-version":[{"id":1545,"href":"https:\/\/www.fanesfiction.com\/de\/wp-json\/wp\/v2\/pages\/1332\/revisions\/1545"}],"wp:attachment":[{"href":"https:\/\/www.fanesfiction.com\/de\/wp-json\/wp\/v2\/media?parent=1332"}],"curies":[{"name":"wp","href":"https:\/\/api.w.org\/{rel}","templated":true}]}}