{"id":1334,"date":"2025-02-19T17:04:48","date_gmt":"2025-02-19T17:04:48","guid":{"rendered":"https:\/\/www.fanesfiction.com\/lia-culturala-fanes"},"modified":"2025-05-21T07:22:37","modified_gmt":"2025-05-21T07:22:37","slug":"lia-culturala-fanes","status":"publish","type":"page","link":"https:\/\/www.fanesfiction.com\/de\/lia-culturala-fanes","title":{"rendered":"Lia Culturala Fanes"},"content":{"rendered":"<div class=\"fusion-fullwidth fullwidth-box fusion-builder-row-1 fusion-flex-container has-pattern-background has-mask-background nonhundred-percent-fullwidth non-hundred-percent-height-scrolling\" style=\"--awb-border-radius-top-left:0px;--awb-border-radius-top-right:0px;--awb-border-radius-bottom-right:0px;--awb-border-radius-bottom-left:0px;--awb-flex-wrap:wrap;\" ><div class=\"fusion-builder-row fusion-row fusion-flex-align-items-flex-start fusion-flex-content-wrap\" style=\"max-width:1352px;margin-left: calc(-4% \/ 2 );margin-right: calc(-4% \/ 2 );\"><div class=\"fusion-layout-column fusion_builder_column fusion-builder-column-0 fusion_builder_column_1_1 1_1 fusion-flex-column\" style=\"--awb-bg-size:cover;--awb-width-large:100%;--awb-margin-top-large:0px;--awb-spacing-right-large:1.92%;--awb-margin-bottom-large:20px;--awb-spacing-left-large:1.92%;--awb-width-medium:100%;--awb-order-medium:0;--awb-spacing-right-medium:1.92%;--awb-spacing-left-medium:1.92%;--awb-width-small:100%;--awb-order-small:0;--awb-spacing-right-small:1.92%;--awb-spacing-left-small:1.92%;\"><div class=\"fusion-column-wrapper fusion-column-has-shadow fusion-flex-justify-content-flex-start fusion-content-layout-column\"><div class=\"fusion-text fusion-text-1\" style=\"--awb-content-alignment:justify;\"><h4>Der Kulturverein <em><strong>Lia culturala Fanes <\/strong><\/em>wurde am 10 Januar in Stern in Abtei gegr\u00fcndet auf\u00a0 Initiative von Susy Rottonara, Roland Verra und Hans Peter Karbon nach der Produktion deren Films <em>Le R\u00ebgn de Fanes (Das Reich der Fanes)<\/em>, dem ersten ladinischen Film \u00fcber die ber\u00fchmteste dolomiten-ladinische Sage, die Sage von Fanes, an dem sich Schauspieler und Mitarbeiter aus mehreren ladinischen T\u00e4lern beteiligten und dessen Premiere am 26. November 2005 in Stern erfolgte.<\/h4>\n<h4>Die Mitglieder des Kulturvereins Fanes stammen vorwiegend aus den ladinischen T\u00e4lern und haben direkt an der Produktion des Films\u00a0<em>Das Reich der Fanes\u00a0<\/em>teilgenommen, aber mehrere sind Liebhaber der ladinischen Sagen die sich nicht direkt am filmischen Projekt beteiligten.<\/h4>\n<h4><strong>Zielsetzungen:<\/strong><strong><br \/>\n<\/strong>Die T\u00e4tigkeit des Kulturvereins\u00a0<em><strong>Fanes\u00a0<\/strong><\/em>zielt auf eine lebendige Aufbewahrung der ladinischen Kultur ausgehend von den ladinischen Sagen und Geschichte Ladiniens. Der Hauptzweck dieses Vereins ist die F\u00f6rderung der ladinischen Kultur in Ladinien und ausserhalb Ladiniens durch verschiedene Kunstformen -in erster Linie die filmische, literarische, musikalische, k\u00fcnslerische Produktion- und kulturelle Veranstaltungen durch Mitarbeit mit unterschiedlichen Institutionen wie Universit\u00e4ten, Museen, Bibliotheken, Festivals, Tagungen, Kulturzeitschriften, durch Kontakte mit anderen sprachlichen Minderheiten und Liebhaber der Sagen auf nationaler und internationaler Ebene.<\/h4>\n<h4><strong>\u00a0<\/strong>Das Symbol des Kulturvereins\u00a0<em><strong>Fanes\u00a0<\/strong><\/em>ist ein blauer Stern auf silbernem Hintergrund, zur\u00fcckzuf\u00fchren auf das Symbol auf den Schilden der Soldaten von Dolasila in Erinnerung an die Prinzessin und deren Raj\u00ebta wie erw\u00e4hnt in Wolffs Texten. Dieses Symbol soll den Einsatz des Vereins zur Aufbewahrung der Tradition der ladinischen Sagen verdeutlichen.<\/h4>\n<h4><\/h4>\n<\/div><div class=\"fusion-blog-shortcode fusion-blog-shortcode-1 fusion-blog-archive fusion-blog-layout-large fusion-blog-pagination fusion-blog-no-images\"><div class=\"fusion-posts-container fusion-posts-container-pagination fusion-no-meta-info\" data-pages=\"1\"><article id=\"blog-1-post-1468\" class=\"fusion-post-large post-1468 post type-post status-publish format-standard hentry category-attivita-de\">\n<div class=\"fusion-post-content post-content\"><h2 class=\"blog-shortcode-post-title entry-title\"><a href=\"https:\/\/www.fanesfiction.com\/de\/attivita-2025\">T\u00c4TIGKEIT 2025<\/a><\/h2><\/div><div class=\"fusion-clearfix\"><\/div><\/article>\n<article id=\"blog-1-post-1459\" class=\"fusion-post-large post-1459 post type-post status-publish format-standard hentry category-attivita-de\">\n<div class=\"fusion-post-content post-content\"><h2 class=\"blog-shortcode-post-title entry-title\"><a href=\"https:\/\/www.fanesfiction.com\/de\/attivita-2024\">T\u00c4TIGKEIT 2024<\/a><\/h2><\/div><div class=\"fusion-clearfix\"><\/div><\/article>\n<article id=\"blog-1-post-1456\" class=\"fusion-post-large post-1456 post type-post status-publish format-standard hentry category-attivita-de\">\n<div class=\"fusion-post-content post-content\"><h2 class=\"blog-shortcode-post-title entry-title\"><a href=\"https:\/\/www.fanesfiction.com\/de\/attivita-2023\">T\u00c4TIGKEIT 2023<\/a><\/h2><\/div><div class=\"fusion-clearfix\"><\/div><\/article>\n<article id=\"blog-1-post-1323\" class=\"fusion-post-large post-1323 post type-post status-publish format-standard hentry category-attivita-de\">\n<div class=\"fusion-post-content post-content\"><h2 class=\"blog-shortcode-post-title entry-title\"><a href=\"https:\/\/www.fanesfiction.com\/de\/attivita-2022\">T\u00c4TIGKEIT 2022<\/a><\/h2><\/div><div class=\"fusion-clearfix\"><\/div><\/article>\n<article id=\"blog-1-post-1321\" class=\"fusion-post-large post-1321 post type-post status-publish format-standard hentry category-attivita-de\">\n<div class=\"fusion-post-content post-content\"><h2 class=\"blog-shortcode-post-title entry-title\"><a href=\"https:\/\/www.fanesfiction.com\/de\/attivita-2021\">T\u00c4TIGKEIT 2021<\/a><\/h2><\/div><div class=\"fusion-clearfix\"><\/div><\/article>\n<article id=\"blog-1-post-1319\" class=\"fusion-post-large post-1319 post type-post status-publish format-standard hentry category-attivita-de\">\n<div class=\"fusion-post-content post-content\"><h2 class=\"blog-shortcode-post-title entry-title\"><a href=\"https:\/\/www.fanesfiction.com\/de\/attivita-2020\">T\u00c4TIGKEIT 2020<\/a><\/h2><\/div><div class=\"fusion-clearfix\"><\/div><\/article>\n<article id=\"blog-1-post-1316\" class=\"fusion-post-large post-1316 post type-post status-publish format-standard hentry category-attivita-de\">\n<div class=\"fusion-post-content post-content\"><h2 class=\"blog-shortcode-post-title entry-title\"><a href=\"https:\/\/www.fanesfiction.com\/de\/attivita-2019\">T\u00c4TIGKEIT 2019<\/a><\/h2><\/div><div class=\"fusion-clearfix\"><\/div><\/article>\n<article id=\"blog-1-post-1317\" class=\"fusion-post-large post-1317 post type-post status-publish format-standard hentry category-attivita-de\">\n<div class=\"fusion-post-content post-content\"><h2 class=\"blog-shortcode-post-title entry-title\"><a href=\"https:\/\/www.fanesfiction.com\/de\/attivita-2018\">T\u00c4TIGKEIT 2018<\/a><\/h2><\/div><div class=\"fusion-clearfix\"><\/div><\/article>\n<article id=\"blog-1-post-1313\" class=\"fusion-post-large post-1313 post type-post status-publish format-standard hentry category-attivita-de\">\n<div class=\"fusion-post-content post-content\"><h2 class=\"blog-shortcode-post-title entry-title\"><a href=\"https:\/\/www.fanesfiction.com\/de\/attivita-2017\">T\u00c4TIGKEIT 2017<\/a><\/h2><\/div><div class=\"fusion-clearfix\"><\/div><\/article>\n<article id=\"blog-1-post-1311\" class=\"fusion-post-large post-1311 post type-post status-publish format-standard hentry category-attivita-de\">\n<div class=\"fusion-post-content post-content\"><h2 class=\"blog-shortcode-post-title entry-title\"><a href=\"https:\/\/www.fanesfiction.com\/de\/attivita-2016\">T\u00c4TIGKEIT 2016<\/a><\/h2><\/div><div class=\"fusion-clearfix\"><\/div><\/article>\n<article id=\"blog-1-post-1309\" class=\"fusion-post-large post-1309 post type-post status-publish format-standard hentry category-attivita-de\">\n<div class=\"fusion-post-content post-content\"><h2 class=\"blog-shortcode-post-title entry-title\"><a href=\"https:\/\/www.fanesfiction.com\/de\/attivita-2015\">T\u00c4TIGKEIT 2015<\/a><\/h2><\/div><div class=\"fusion-clearfix\"><\/div><\/article>\n<article id=\"blog-1-post-1307\" class=\"fusion-post-large post-1307 post type-post status-publish format-standard hentry category-attivita-de\">\n<div class=\"fusion-post-content post-content\"><h2 class=\"blog-shortcode-post-title entry-title\"><a href=\"https:\/\/www.fanesfiction.com\/de\/attivita-2014\">T\u00c4TIGKEIT 2014<\/a><\/h2><\/div><div class=\"fusion-clearfix\"><\/div><\/article>\n<article id=\"blog-1-post-1305\" class=\"fusion-post-large post-1305 post type-post status-publish format-standard hentry category-attivita-de\">\n<div class=\"fusion-post-content post-content\"><h2 class=\"blog-shortcode-post-title entry-title\"><a href=\"https:\/\/www.fanesfiction.com\/de\/attivita-2013\">T\u00c4TIGKEIT 2013<\/a><\/h2><\/div><div class=\"fusion-clearfix\"><\/div><\/article>\n<article id=\"blog-1-post-1303\" class=\"fusion-post-large post-1303 post type-post status-publish format-standard hentry category-attivita-de\">\n<div class=\"fusion-post-content post-content\"><h2 class=\"blog-shortcode-post-title entry-title\"><a href=\"https:\/\/www.fanesfiction.com\/de\/attivita-2012\">T\u00c4TIGKEIT 2012<\/a><\/h2><\/div><div class=\"fusion-clearfix\"><\/div><\/article>\n<article id=\"blog-1-post-1301\" class=\"fusion-post-large post-1301 post type-post status-publish format-standard hentry category-attivita-de\">\n<div class=\"fusion-post-content post-content\"><h2 class=\"blog-shortcode-post-title entry-title\"><a href=\"https:\/\/www.fanesfiction.com\/de\/attivita-2011\">T\u00c4TIGKEIT 2011<\/a><\/h2><\/div><div class=\"fusion-clearfix\"><\/div><\/article>\n<article id=\"blog-1-post-1299\" class=\"fusion-post-large post-1299 post type-post status-publish format-standard hentry category-attivita-de\">\n<div class=\"fusion-post-content post-content\"><h2 class=\"blog-shortcode-post-title entry-title\"><a href=\"https:\/\/www.fanesfiction.com\/de\/attivita-2010\">T\u00c4TIGKEIT 2010<\/a><\/h2><\/div><div class=\"fusion-clearfix\"><\/div><\/article>\n<article id=\"blog-1-post-1297\" class=\"fusion-post-large post-1297 post type-post status-publish format-standard hentry category-attivita-de\">\n<div class=\"fusion-post-content post-content\"><h2 class=\"blog-shortcode-post-title entry-title\"><a href=\"https:\/\/www.fanesfiction.com\/de\/attivita-2009\">T\u00c4TIGKEIT 2009<\/a><\/h2><\/div><div class=\"fusion-clearfix\"><\/div><\/article>\n<article id=\"blog-1-post-1295\" class=\"fusion-post-large post-1295 post type-post status-publish format-standard hentry category-attivita-de\">\n<div class=\"fusion-post-content post-content\"><h2 class=\"blog-shortcode-post-title entry-title\"><a href=\"https:\/\/www.fanesfiction.com\/de\/attivita-2008\">T\u00c4TIGKEIT 2008<\/a><\/h2><\/div><div class=\"fusion-clearfix\"><\/div><\/article>\n<article id=\"blog-1-post-1293\" class=\"fusion-post-large post-1293 post type-post status-publish format-standard hentry category-attivita-de\">\n<div class=\"fusion-post-content post-content\"><h2 class=\"blog-shortcode-post-title entry-title\"><a href=\"https:\/\/www.fanesfiction.com\/de\/attivita-2007\">T\u00c4TIGKEIT 2007<\/a><\/h2><\/div><div class=\"fusion-clearfix\"><\/div><\/article>\n<article id=\"blog-1-post-1291\" class=\"fusion-post-large post-1291 post type-post status-publish format-standard hentry category-attivita-de\">\n<div class=\"fusion-post-content post-content\"><h2 class=\"blog-shortcode-post-title entry-title\"><a href=\"https:\/\/www.fanesfiction.com\/de\/attivita-2006\">T\u00c4TIGKEIT 2006<\/a><\/h2><\/div><div class=\"fusion-clearfix\"><\/div><\/article>\n<\/div><\/div><\/div><\/div><\/div><\/div>\n","protected":false},"excerpt":{"rendered":"","protected":false},"author":1,"featured_media":0,"parent":0,"menu_order":0,"comment_status":"closed","ping_status":"closed","template":"100-width.php","meta":{"footnotes":""},"class_list":["post-1334","page","type-page","status-publish","hentry"],"_links":{"self":[{"href":"https:\/\/www.fanesfiction.com\/de\/wp-json\/wp\/v2\/pages\/1334","targetHints":{"allow":["GET"]}}],"collection":[{"href":"https:\/\/www.fanesfiction.com\/de\/wp-json\/wp\/v2\/pages"}],"about":[{"href":"https:\/\/www.fanesfiction.com\/de\/wp-json\/wp\/v2\/types\/page"}],"author":[{"embeddable":true,"href":"https:\/\/www.fanesfiction.com\/de\/wp-json\/wp\/v2\/users\/1"}],"replies":[{"embeddable":true,"href":"https:\/\/www.fanesfiction.com\/de\/wp-json\/wp\/v2\/comments?post=1334"}],"version-history":[{"count":3,"href":"https:\/\/www.fanesfiction.com\/de\/wp-json\/wp\/v2\/pages\/1334\/revisions"}],"predecessor-version":[{"id":1667,"href":"https:\/\/www.fanesfiction.com\/de\/wp-json\/wp\/v2\/pages\/1334\/revisions\/1667"}],"wp:attachment":[{"href":"https:\/\/www.fanesfiction.com\/de\/wp-json\/wp\/v2\/media?parent=1334"}],"curies":[{"name":"wp","href":"https:\/\/api.w.org\/{rel}","templated":true}]}}