{"id":10,"date":"2025-02-19T17:04:10","date_gmt":"2025-02-19T17:04:10","guid":{"rendered":"https:\/\/www.fanesfiction.com\/?page_id=10"},"modified":"2025-05-16T08:34:16","modified_gmt":"2025-05-16T08:34:16","slug":"il-film-e-la-leggenda","status":"publish","type":"page","link":"https:\/\/www.fanesfiction.com\/it\/il-film-e-la-leggenda","title":{"rendered":"Il film e la leggenda"},"content":{"rendered":"<div class=\"fusion-fullwidth fullwidth-box fusion-builder-row-1 fusion-flex-container has-pattern-background has-mask-background nonhundred-percent-fullwidth non-hundred-percent-height-scrolling\" style=\"--awb-border-radius-top-left:0px;--awb-border-radius-top-right:0px;--awb-border-radius-bottom-right:0px;--awb-border-radius-bottom-left:0px;--awb-flex-wrap:wrap;\" ><div class=\"fusion-builder-row fusion-row fusion-flex-align-items-flex-start fusion-flex-content-wrap\" style=\"max-width:1352px;margin-left: calc(-4% \/ 2 );margin-right: calc(-4% \/ 2 );\"><div class=\"fusion-layout-column fusion_builder_column fusion-builder-column-0 fusion_builder_column_1_1 1_1 fusion-flex-column\" style=\"--awb-bg-size:cover;--awb-width-large:100%;--awb-margin-top-large:0px;--awb-spacing-right-large:1.92%;--awb-margin-bottom-large:20px;--awb-spacing-left-large:1.92%;--awb-width-medium:100%;--awb-order-medium:0;--awb-spacing-right-medium:1.92%;--awb-spacing-left-medium:1.92%;--awb-width-small:100%;--awb-order-small:0;--awb-spacing-right-small:1.92%;--awb-spacing-left-small:1.92%;\"><div class=\"fusion-column-wrapper fusion-column-has-shadow fusion-flex-justify-content-flex-start fusion-content-layout-column\"><div class=\"fusion-video fusion-youtube\" style=\"--awb-max-width:600px;--awb-max-height:360px;--awb-align-self:center;--awb-width:100%;\"><div class=\"video-shortcode\"><div class=\"fluid-width-video-wrapper\" style=\"padding-top:60%;\" ><iframe title=\"YouTube video player 1\" src=\"https:\/\/www.youtube.com\/embed\/_oEiTuWii6w?wmode=transparent&autoplay=0&oida=1\" width=\"600\" height=\"360\" allowfullscreen allow=\"autoplay; clipboard-write; encrypted-media; gyroscope; picture-in-picture;\"><\/iframe><\/div><\/div><\/div><div class=\"fusion-text fusion-text-1\" style=\"--awb-content-alignment:justify;\"><h3>Una sfida e un&#8217;impresa pioneristica per la cultura ladina delle Dolomiti<\/h3>\n<h4>Il film L<em>e R\u00ebgn de Fanes &#8211; Il Regno di Fanes, <\/em>realizzato in lingua originale ladina (ladin) \u00e8 il frutto della collaborazione tra Susy Rottonara (di La Villa in Badia), Roland Verra (di Ortisei in Val Gardena)\u00a0 e Hans Peter Karbon (di S. Cristina in Val Gardena), e nasce\u00a0 nel 2005 da una grande passione per la montagna e per la tradizione delle leggende ladine.<\/h4>\n<h4>Il soggetto del film \u00e8 imperniato su uno dei materiali leggendari pi\u00f9 ricchi e complessi della tradizione ladina dolomitica, cio\u00e8 quello che riguarda il mitico regno di Fanes ed \u00e8 il primo film in ladino dedicato a tale leggenda.<\/h4>\n<h4>Al giorno d&#8217;oggi il nome\u00a0<em>Fanes\u00a0<\/em>si riferisce ad uno splendido altipiano incorniciato da imponenti montagne tra Val Badia e Ampezzo, ed \u00e8 senza dubbio una delle mete turistiche pi\u00f9 ambite. Nel materiale leggendario\u00a0<em>Fanes\u00a0<\/em>non si limita a definire tale zona, ma si estende ad un territorio pi\u00f9 ampio dai confini non chiaramente definiti, data la sua continua espansione grazie alle conquiste della sua popolazione chiamata anch&#8217;essa\u00a0<em>Fanes\u00a0<\/em>.<\/h4>\n<h4>Alla base del film c&#8217;\u00e8 un&#8217;elaborazione del materiale leggendario badiotto-ampezzano, che riguarda le vicende legate direttamente al regno di Fanes anche da un punto di vista geografico.<\/h4>\n<h4>Il film trae spunto dalla versione classica della leggenda del regno di Fanes, esposta nella tradizione orale originale ladina, in una rielaborazione dal carattere piuttosto simbolico-mistico unito a dei tratti pi\u00fa realistici atti a soddisfare delle esigenze drammaturgiche. Si \u00e8 anche inteso accentuare la teatralit\u00e0 dei personaggi.<\/h4>\n<h4>Il punto fondamentale che caratterizza l&#8217;indagine critica di questa interessantissima leggenda consiste nella mancanza di fonti scritte dirette. Infatti tale materiale \u00e8 stato trasmesso oralmente per secoli essendo presumibilmente soggetto ad influssi culturali molteplici. I testi di Wolff sono basati sulla raccolta di testimonianze orali nelle valli ladine dolomitiche ed evidenziano la presenza di molteplici strati culturali -in primo luogo l&#8217;influsso della lirica cortese- intersecatisi nel corso di secoli di trasmissione orale. Ci\u00f2 rende difficili e complessi gli studi a riguardo e non permette un&#8217;indagine filologica diretta data la mancanza di fonti scritte primarie. Di conseguenza l&#8217;approccio a questa leggenda non pu\u00f2 prescindere dalla presa in considerazione delle diverse ipotesi espresse a riguardo da vari studiosi, nella consapevolezza di trattare un materiale leggendario e non storico.<\/h4>\n<h4>Il nucleo narrativo fondamentale rappresentato nel film ruota attorno al tema della smania di potere del re di Fanes che conduce alla rovina del suo regno e di una serie di rapporti umani, nonch\u00e9 alla morte della figlia, la principessa-guerriera Dolasila.<\/h4>\n<h4>I personaggi sono in parte realistici -il re e la regina di Fanes, Dolasila e Lujanta, Ey de Net, il principe dei Cajut\u00e9s e varie comparse- e in parte soprannaturali -lo stregone Spina de Mul, la maga Tsicuta, le Mjanines (una sorta di ninfe), i Salvans (gente selvaggia), i nani e l&#8217;aquila fiammeggiante.<\/h4>\n<h4><\/h4>\n<\/div><div class=\"fusion-text fusion-text-2\" style=\"--awb-content-alignment:justify;\"><h2 style=\"text-align: center;\">LA TRAMA<\/h2>\n<h4><\/h4>\n<h4>Alle origini del regno c&#8217;\u00e8 un&#8217;alleanza con le marmotte, che una regina di Fanes tiene nascosta quando prende come marito un re straniero, il quale a sua volta stringe un&#8217;alleanza con l&#8217;aquila fiammeggiante. La regina d\u00e0 alla luce due gemelle, Dolasilla e Lujanta, delle quali Lujanta viene affidata alle marmotte come pegno dell&#8217;alleanza, ricevendo in cambio una piccola marmotta. Anche il re scambia con l&#8217;aquila un suo erede, solo che questa sceglie la piccola marmotta sostituita abilmente a Lujanta dalla regina ad insaputa del re.<\/h4>\n<p><img decoding=\"async\" class=\"wp-image-38 size-fusion-400 alignleft\" style=\"font-size: 16px;\" src=\"https:\/\/www.fanesfiction.com\/wp-content\/uploads\/fanes-fiction-susy-rottonara-slide-home-1-400x208.jpg\" alt=\"\" width=\"400\" height=\"208\" srcset=\"https:\/\/www.fanesfiction.com\/wp-content\/uploads\/fanes-fiction-susy-rottonara-slide-home-1-200x104.jpg 200w, https:\/\/www.fanesfiction.com\/wp-content\/uploads\/fanes-fiction-susy-rottonara-slide-home-1-300x156.jpg 300w, https:\/\/www.fanesfiction.com\/wp-content\/uploads\/fanes-fiction-susy-rottonara-slide-home-1-400x208.jpg 400w, https:\/\/www.fanesfiction.com\/wp-content\/uploads\/fanes-fiction-susy-rottonara-slide-home-1-600x313.jpg 600w, https:\/\/www.fanesfiction.com\/wp-content\/uploads\/fanes-fiction-susy-rottonara-slide-home-1-768x400.jpg 768w, https:\/\/www.fanesfiction.com\/wp-content\/uploads\/fanes-fiction-susy-rottonara-slide-home-1-800x417.jpg 800w, https:\/\/www.fanesfiction.com\/wp-content\/uploads\/fanes-fiction-susy-rottonara-slide-home-1-1024x533.jpg 1024w, https:\/\/www.fanesfiction.com\/wp-content\/uploads\/fanes-fiction-susy-rottonara-slide-home-1-1200x625.jpg 1200w, https:\/\/www.fanesfiction.com\/wp-content\/uploads\/fanes-fiction-susy-rottonara-slide-home-1-1536x800.jpg 1536w, https:\/\/www.fanesfiction.com\/wp-content\/uploads\/fanes-fiction-susy-rottonara-slide-home-1.jpg 1920w\" sizes=\"(max-width: 400px) 100vw, 400px\" \/><\/p>\n<h4>Mentre il servo mandato dal re ad effettuare lo scambio torna dal Nuvolau verso il castello di Fanes viene sorpreso da Spina de Mul, un perfido stregone che appare sotto forma di un mulo mezzo putrefatto. Interviene un giovane principe dei Durans , Ey de Net, che colpisce duramente lo stregone con un sasso e dona la preziosa gemma Raj\u00ebta -persa da Spina de Mul nel combattimento- alla piccola Dolasila.<\/h4>\n<h4>Trascorrono parecchi anni e il re di Fanes decide di recarsi con Dolasila e un gruppo di soldati alla ricerca del tesoro del Lago d&#8217;Argento. Isoldati trovano una scatola contenente un pezzo di pelliccia di ermellino e della polvere grigia, ma compaiono tre nani che li pregano di donargliela. Dolasila ha compassione dei tre e li accontenta, cos\u00ec che essi la ricompensano dicendole di gettare la polvere nel lago per vedere fiorire il tesoro e di far fare con la pelliccia una corazza, dato che diventer\u00e0 una valorosa guerriera. Non dovr\u00e0 per\u00f2 in nessun modo andare in battaglia qualora la pelliccia cambiasse colore. <img decoding=\"async\" class=\"size-medium wp-image-52 alignleft\" src=\"https:\/\/www.fanesfiction.com\/wp-content\/uploads\/DSC00642-300x225.jpg\" alt=\"\" width=\"300\" height=\"225\" srcset=\"https:\/\/www.fanesfiction.com\/wp-content\/uploads\/DSC00642-200x150.jpg 200w, https:\/\/www.fanesfiction.com\/wp-content\/uploads\/DSC00642-300x225.jpg 300w, https:\/\/www.fanesfiction.com\/wp-content\/uploads\/DSC00642-400x300.jpg 400w, https:\/\/www.fanesfiction.com\/wp-content\/uploads\/DSC00642-600x450.jpg 600w, https:\/\/www.fanesfiction.com\/wp-content\/uploads\/DSC00642-768x576.jpg 768w, https:\/\/www.fanesfiction.com\/wp-content\/uploads\/DSC00642-800x600.jpg 800w, https:\/\/www.fanesfiction.com\/wp-content\/uploads\/DSC00642-1024x768.jpg 1024w, https:\/\/www.fanesfiction.com\/wp-content\/uploads\/DSC00642-1200x900.jpg 1200w, https:\/\/www.fanesfiction.com\/wp-content\/uploads\/DSC00642-1536x1152.jpg 1536w\" sizes=\"(max-width: 300px) 100vw, 300px\" \/><\/h4>\n<h4>Dolasila viene educata all&#8217;arte delle armi e il tesoro del Lago d&#8217;Argento le fornisce delle frecce infallibili che portano molte vittorie al suo popolo, tanto che viene incoronata come &#8220;stella&#8221; dei Fanes e compare, in sogno, il Principe dei Cajutes, che aveva attirato la sua attenzione in battaglia portando un mazzo di papaveri sull&#8217;elmo, ma era poi stato da lei ucciso, e la esorta a smettere di combattere con armi fatate. Tuttavia il re non si lascia turbare da ci\u00f2 e coinvolge la figlia in nuove battaglie.<img decoding=\"async\" class=\"size-medium wp-image-47 alignright\" src=\"https:\/\/www.fanesfiction.com\/wp-content\/uploads\/FANES-037-225x300.jpg\" alt=\"\" width=\"225\" height=\"300\" srcset=\"https:\/\/www.fanesfiction.com\/wp-content\/uploads\/FANES-037-200x267.jpg 200w, https:\/\/www.fanesfiction.com\/wp-content\/uploads\/FANES-037-225x300.jpg 225w, https:\/\/www.fanesfiction.com\/wp-content\/uploads\/FANES-037-400x533.jpg 400w, https:\/\/www.fanesfiction.com\/wp-content\/uploads\/FANES-037-600x800.jpg 600w, https:\/\/www.fanesfiction.com\/wp-content\/uploads\/FANES-037-768x1024.jpg 768w, https:\/\/www.fanesfiction.com\/wp-content\/uploads\/FANES-037-800x1067.jpg 800w, https:\/\/www.fanesfiction.com\/wp-content\/uploads\/FANES-037-1152x1536.jpg 1152w, https:\/\/www.fanesfiction.com\/wp-content\/uploads\/FANES-037-1200x1600.jpg 1200w, https:\/\/www.fanesfiction.com\/wp-content\/uploads\/FANES-037-1536x2048.jpg 1536w, https:\/\/www.fanesfiction.com\/wp-content\/uploads\/FANES-037-scaled.jpg 1920w\" sizes=\"(max-width: 225px) 100vw, 225px\" \/><\/h4>\n<h4><\/h4>\n<h4>Nel frattempo Spina de Mul incita varie popolazioni ad unirsi contro i Fanes e va in cerca di Ey de Net, proponendogli di avvicinarsi a Dolasila e di condurla fuori dai combattimenti in modo da impedirle di usare le frecce infallibili. Durante la battaglia di Fiames il perfido stregone tradisce Ey de Net ferendo Dolasila nel momento propizio. Ey de Net, profondamente turbato dall&#8217;accaduto, si reca dalla potente maga Tsicuta, che gli consiglia di fare forgiare dai nani del Latemar uno scudo per la protezione della principessa tanto pesante da non potere essere portato da nessun altro all&#8217;infuori di lui. Dolasila guarisce dalla ferita e il re commissiona ai nani del Latemar uno scudo che la protegga anche da armi fatate, alla quale richiesta costoro pensano si tratti dello stesso scudo di Ey de Net. Quando lo scudo viene portato al castello di Fanes nessuno \u00e8 in grado di alzarlo, cos\u00ec che quando ci riesce Ey de Net, che si era presentato come un semplice soldato, viene subito ammesso al seguito di Dolasilla.<\/h4>\n<h4><img decoding=\"async\" class=\"size-medium wp-image-48 alignleft\" src=\"https:\/\/www.fanesfiction.com\/wp-content\/uploads\/dolasilla-acavallo-300x276.jpg\" alt=\"\" width=\"300\" height=\"276\" srcset=\"https:\/\/www.fanesfiction.com\/wp-content\/uploads\/dolasilla-acavallo-200x184.jpg 200w, https:\/\/www.fanesfiction.com\/wp-content\/uploads\/dolasilla-acavallo-300x276.jpg 300w, https:\/\/www.fanesfiction.com\/wp-content\/uploads\/dolasilla-acavallo-400x367.jpg 400w, https:\/\/www.fanesfiction.com\/wp-content\/uploads\/dolasilla-acavallo-600x551.jpg 600w, https:\/\/www.fanesfiction.com\/wp-content\/uploads\/dolasilla-acavallo-768x706.jpg 768w, https:\/\/www.fanesfiction.com\/wp-content\/uploads\/dolasilla-acavallo-800x735.jpg 800w, https:\/\/www.fanesfiction.com\/wp-content\/uploads\/dolasilla-acavallo-1024x941.jpg 1024w, https:\/\/www.fanesfiction.com\/wp-content\/uploads\/dolasilla-acavallo-1200x1102.jpg 1200w, https:\/\/www.fanesfiction.com\/wp-content\/uploads\/dolasilla-acavallo-1536x1411.jpg 1536w\" sizes=\"(max-width: 300px) 100vw, 300px\" \/> Dopo molte battaglie combattute fianco a fianco Ey de Net chiede al re la mano di Dolasila, la quale desidera smettere di combattere. Il re si adira vedendosi ostacolato nelle sue mire espansionistiche e bandisce Ey de Net dal regno. Dolasila dichiara che non andrebbe mai pi\u00f9 a combattere senza il suo amato. Il re di Fanes tradisce poi il suo popolo stringendo un patto con i nemici affinch\u00e9 lo aiutino a conquistare l&#8217;oro dell&#8217;Aurona, incoraggiandoli a dichiarare guerra ai Fanes con i loro alleati, assicurandoli che Dolasila avrebbe mantenuta la promessa fatta a Ey de Net di non andare a combattere senza di lui. Tuttavia Dolasila si sente costretta ad impugnare le armi per salvare la sua gente. Ey de Net si reca al Lech de Lunedes per interrogare le Mjanines, che lo mettono al corrente del tradimento del re di Fanes e gli profetizzano l&#8217;imminente morte della principessa guerriera. La sera prima della battaglia finale Dolasila cavalca sconsolata sui prati dell&#8217;Armentara e viene circondata da tredici strani bambini, che la convincono a regalar loro tredici delle sue frecce. In realt\u00e0 si tratta di un piano di Spina de Mul, che cerca cos\u00ec di garantire la vittoria ai nemici dei Fanes. L&#8217; indomani Dolasila nota che la sua corazza \u00e8 diventata scura e capisce il grave pericolo che corre, tuttavia non rinuncia a combattere e viene uccisa dalle sue frecce infallibili delle quali si erano impossessati i nemici. Nel frattempo il re di Fanes, accecato dalla sete di potere, si \u00e8 rifugiato sul Lagazuoi in attesa che i suoi alleati, come pattuito, lo ripaghino con tesori del suo tradimento e lo aiutino poi a conquistare le ricchezze dell&#8217;Aurona. Al contrario viene accusato di tradimento e Spina de Mul gli fa un incantesimo cos\u00ec che rimane pietrificato. I Fanes battono in ritirata e la regina chiede aiuto alle alleate marmotte. <img decoding=\"async\" class=\"size-medium wp-image-50 alignright\" src=\"https:\/\/www.fanesfiction.com\/wp-content\/uploads\/FANES3-300x225.jpg\" alt=\"\" width=\"300\" height=\"225\" srcset=\"https:\/\/www.fanesfiction.com\/wp-content\/uploads\/FANES3-200x150.jpg 200w, https:\/\/www.fanesfiction.com\/wp-content\/uploads\/FANES3-300x225.jpg 300w, https:\/\/www.fanesfiction.com\/wp-content\/uploads\/FANES3-400x300.jpg 400w, https:\/\/www.fanesfiction.com\/wp-content\/uploads\/FANES3-600x450.jpg 600w, https:\/\/www.fanesfiction.com\/wp-content\/uploads\/FANES3-768x576.jpg 768w, https:\/\/www.fanesfiction.com\/wp-content\/uploads\/FANES3-800x600.jpg 800w, https:\/\/www.fanesfiction.com\/wp-content\/uploads\/FANES3-1024x768.jpg 1024w, https:\/\/www.fanesfiction.com\/wp-content\/uploads\/FANES3-1200x900.jpg 1200w, https:\/\/www.fanesfiction.com\/wp-content\/uploads\/FANES3-1536x1152.jpg 1536w\" sizes=\"(max-width: 300px) 100vw, 300px\" \/>Cos\u00ed compare Lujanta, che i soldati scambiano per Dolasila. La regina spiega loro che Lujanta, la gemella di Dolasila, condurr\u00e0 i Fanes al sicuro al Morin di Salvans, nel regno sotterraneo delle marmotte.<\/h4>\n<h4>Tuttavia gli sforzi di riconquista dei Fanes si rivelano vani, cos\u00ec che vengono sconfitti definitivamente nella battaglia finale sulla Furcia dai Fers. Una volta all&#8217;anno, Lujanta e la regina compaiono in una barca sul Lago di Braies -sotto il quale si troverebbe una porta che conduce all&#8217; ultimo rifugio dei Fanes- in attesa del tempo promesso, nel quale i Fanes conosceranno di nuovo pace e prosperit\u00e0.<\/h4>\n<h4>L&#8217;ambientazione &#8220;storica&#8221; delle vicende narrate pu\u00f2 essere vagamente ipotizzata in base ad alcuni elementi significativi. Secondo vari studiosi la popolazione di Fanes sarebbe da identificare con una popolazione retica nel periodo preromano in base alla presenza nella leggenda di varie tradizioni precristiane e figure sciamaniche quali lo stregone Spina de Mul. Durante il periodo delle grandi migrazioni dei popoli -IV\u00ba \/ V\u00ba secolo d. C.-, il materiale leggendario \u00e8 sicuramente stato esposto ad influssi culturali esterni -inerenti soprattutto alla mitologia germanica e greco\/romana-, ed \u00e8 probabile che siano filtrati nella leggenda degli elementi culturali appartenenti a tradizioni geograficamente distanti. Il materiale leggendario non pu\u00f2 essere collocato in un&#8217;epoca storica precisa. In ogni caso il motivo della discendenza di una popolazione da un animale -in questo caso l&#8217;origine dei Fanes dalla marmotte- risulta estremamente raro in ambito europeo, nel quale \u00e8 presente nelle genealogie fantastiche medievali. Nel cuore dell&#8217;Europa si sarebbe dunque conservato un elemento culturale risalente a tradizioni di popoli primitivi di cacciatori.<\/h4>\n<h4><\/h4>\n<\/div><\/div><\/div><\/div><\/div>\n","protected":false},"excerpt":{"rendered":"","protected":false},"author":1,"featured_media":0,"parent":0,"menu_order":0,"comment_status":"closed","ping_status":"closed","template":"100-width.php","meta":{"footnotes":""},"class_list":["post-10","page","type-page","status-publish","hentry"],"_links":{"self":[{"href":"https:\/\/www.fanesfiction.com\/it\/wp-json\/wp\/v2\/pages\/10","targetHints":{"allow":["GET"]}}],"collection":[{"href":"https:\/\/www.fanesfiction.com\/it\/wp-json\/wp\/v2\/pages"}],"about":[{"href":"https:\/\/www.fanesfiction.com\/it\/wp-json\/wp\/v2\/types\/page"}],"author":[{"embeddable":true,"href":"https:\/\/www.fanesfiction.com\/it\/wp-json\/wp\/v2\/users\/1"}],"replies":[{"embeddable":true,"href":"https:\/\/www.fanesfiction.com\/it\/wp-json\/wp\/v2\/comments?post=10"}],"version-history":[{"count":9,"href":"https:\/\/www.fanesfiction.com\/it\/wp-json\/wp\/v2\/pages\/10\/revisions"}],"predecessor-version":[{"id":542,"href":"https:\/\/www.fanesfiction.com\/it\/wp-json\/wp\/v2\/pages\/10\/revisions\/542"}],"wp:attachment":[{"href":"https:\/\/www.fanesfiction.com\/it\/wp-json\/wp\/v2\/media?parent=10"}],"curies":[{"name":"wp","href":"https:\/\/api.w.org\/{rel}","templated":true}]}}